{"id":1176,"date":"2023-01-26T16:52:27","date_gmt":"2023-01-26T15:52:27","guid":{"rendered":"https:\/\/nowinbody.com\/?page_id=1176"},"modified":"2023-02-28T18:56:05","modified_gmt":"2023-02-28T17:56:05","slug":"terapija-za-mlade-sportnike","status":"publish","type":"page","link":"https:\/\/nowinbody.com\/en\/programi\/terapija-za-mlade-sportnike\/","title":{"rendered":"Young athlete's support group"},"content":{"rendered":"<p><style><\/style><div class=\"vc_row wpb_row vc_row-fluid content-dark data-bg-color-69f107269e455 row-z-index-69f107269e455\" ><style><\/style><div class=\"wpb_column vc_column_container content-dark vc_col-sm-6 column-z-index-69f107269e5f0\"> \n        <div class=\"vc_column-inner\"> \n            <div class=\"wpb_wrapper\"><div  class=\"wpb_single_image wpb_content_element vc_align_center\">\n\t\t\n\t\t<figure class=\"wpb_wrapper vc_figure\">\n\t\t\t<div class=\"vc_single_image-wrapper   vc_box_border_grey\"><img loading=\"lazy\" decoding=\"async\" class=\"vc_single_image-img\" src=\"https:\/\/nowinbody.com\/wp-content\/uploads\/2023\/02\/skupina-za-pomoc-mladim-sportnikom-900x600.jpg\" width=\"900\" height=\"600\" alt=\"Skupina-za-\u0161portnike.png\" title=\"skupina-za-pomo\u010d-mladim-\u0161portnikom\" \/><\/div>\n\t\t<\/figure>\n\t<\/div>  \n            <\/div> \n        <\/div>\n    <\/div><style><\/style><div class=\"wpb_column vc_column_container content-dark vc_col-sm-6 column-z-index-69f107269edcd\"> \n        <div class=\"vc_column-inner\"> \n            <div class=\"wpb_wrapper\"><style>#slcr_custom_heading_69f107269f03c{ font-size: 27px;text-align: left;  }<\/style><h3 id=\"slcr_custom_heading_69f107269f03c\" class=\"vc_custom_heading vc_custom_1674054761582 font-700\" >Where?<\/h3><style>#slcr_custom_heading_69f107269f139{ text-align: left;  }<\/style><p id=\"slcr_custom_heading_69f107269f139\" class=\"vc_custom_heading vc_custom_1674054961352 font-400\" >Nazorjeva ulica 1, Ljubljana - Fran\u010di\u0161kanski dru\u017einski in\u0161titut<\/p><style>#slcr_custom_heading_69f107269f203{ font-size: 27px;text-align: left;  }<\/style><h3 id=\"slcr_custom_heading_69f107269f203\" class=\"vc_custom_heading vc_custom_1674054843104 font-700\" >When?<\/h3><style>#slcr_custom_heading_69f107269f2c1{ text-align: left;  }<\/style><p id=\"slcr_custom_heading_69f107269f2c1\" class=\"vc_custom_heading vc_custom_1677606954186 font-400\" >Every Tuesday at 16:00<\/p><style>#slcr_custom_heading_69f107269f39b{ font-size: 27px;text-align: left;  }<\/style><h3 id=\"slcr_custom_heading_69f107269f39b\" class=\"vc_custom_heading vc_custom_1674054896912 font-700\" >Therapist<\/h3><style>#slcr_custom_heading_69f107269f463{ text-align: left;  }<\/style><p id=\"slcr_custom_heading_69f107269f463\" class=\"vc_custom_heading vc_custom_1674054905837 font-400\" >M.Sc. Viktorije Valenta, marriage and family therapist<\/p> \n            <\/div> \n        <\/div>\n    <\/div><\/div><style><\/style><div class=\"vc_row wpb_row vc_row-fluid content-dark data-bg-color-69f107269f54a row-z-index-69f107269f54a\" ><style><\/style><div class=\"wpb_column vc_column_container content-dark vc_col-sm-12 column-z-index-69f107269f61e\"> \n        <div class=\"vc_column-inner\"> \n            <div class=\"wpb_wrapper\"><style>#slcr_custom_heading_69f107269f7b8{ font-size: 27px;text-align: left;  }<\/style><h3 id=\"slcr_custom_heading_69f107269f7b8\" class=\"vc_custom_heading vc_custom_1675274061564 font-700\" >Why should young athletes join our YOUNG ATHLETE'S SUPPORT GROUP?<\/h3><style>#slcr_custom_heading_69f107269f899{ text-align: left;  }<\/style><p id=\"slcr_custom_heading_69f107269f899\" class=\"vc_custom_heading vc_custom_1675274090721 font-400\" >- During our weekly gatherings we learn how to practically protect ouselves from emotional breakdowns and calm our internal storms to be able to compete on a higher level of mental and emotional efficacy.<\/p><style>#slcr_custom_heading_69f107269f95b{ text-align: left;  }<\/style><p id=\"slcr_custom_heading_69f107269f95b\" class=\"vc_custom_heading vc_custom_1675274110740 font-400\" >- Young atheletes start to get aware of other people's feelings and the influence those feelings have on their bodies and minds.<\/p><style>#slcr_custom_heading_69f107269fa16{ text-align: left;  }<\/style><p id=\"slcr_custom_heading_69f107269fa16\" class=\"vc_custom_heading vc_custom_1675274127566 font-400\" >- They get to embody the emotions of the person they are communicating with.<\/p><style>#slcr_custom_heading_69f107269facc{ text-align: left;  }<\/style><p id=\"slcr_custom_heading_69f107269facc\" class=\"vc_custom_heading vc_custom_1675274141885 font-400\" >- In most cases it happens on unconscious level.<\/p><style>#slcr_custom_heading_69f107269fba8{ text-align: left;  }<\/style><p id=\"slcr_custom_heading_69f107269fba8\" class=\"vc_custom_heading vc_custom_1675274155968 font-400\" >- All young atheletes might \"catch\" the negative emotions that a parent, a coach or a teammate may express.<\/p><style>#slcr_custom_heading_69f107269fc67{ text-align: left;  }<\/style><p id=\"slcr_custom_heading_69f107269fc67\" class=\"vc_custom_heading vc_custom_1675274197024 font-400\" >- If individuals are not aware of their own behaviors and body language and how to process emotions, they can transfer them onto someone else and create unpleasant situations, injuries or frustrations.<\/p><style>#btn_slcr_69f107269fdb7{ text-transform: uppercase;}  #btn_slcr_69f107269fdb7:hover{ }<\/style><div class=\"vc_btn3-container vc_btn3-inline\">\n                    <a href=\"https:\/\/nowinbody.com\/en\/kontakt\/\" title=\"Contact\" id=\"btn_slcr_69f107269fdb7\" class=\"btn    btn--lg font-900 btn--square  btn--primary\">\n                        <span>Sign up<\/span>\n                    <\/a>  <\/div> \n            <\/div> \n        <\/div>\n    <\/div><\/div>","protected":false},"excerpt":{"rendered":"Kje?Nazorjeva ulica 1, Ljubljana - Fran\u010di\u0161kanski dru\u017einski in\u0161titutKdaj?Vsaki torek ob 16-ihVodenje skupinemag. Viktorije Valenta, zakonski in dru\u017einski terapevt Zakaj bi mladim \u0161portnikom priporo\u010dali, da pridejo v na\u0161o Skupino za podporo mladim \u0161portnikom?- Med na\u0161imi tedenskimi sre\u010danji se v prakti\u010dnem smislu u\u010dimo, kako se za\u0161\u010dititi pred zunanjimi \u010dustvenimi zlomi in kako pomiriti divjajo\u010de notranje nevihte, da [...]","protected":false},"author":1,"featured_media":0,"parent":657,"menu_order":0,"comment_status":"closed","ping_status":"closed","template":"sidebar-right.php","meta":{"footnotes":""},"class_list":["post-1176","page","type-page","status-publish","hentry"],"acf":[],"_links":{"self":[{"href":"https:\/\/nowinbody.com\/en\/wp-json\/wp\/v2\/pages\/1176","targetHints":{"allow":["GET"]}}],"collection":[{"href":"https:\/\/nowinbody.com\/en\/wp-json\/wp\/v2\/pages"}],"about":[{"href":"https:\/\/nowinbody.com\/en\/wp-json\/wp\/v2\/types\/page"}],"author":[{"embeddable":true,"href":"https:\/\/nowinbody.com\/en\/wp-json\/wp\/v2\/users\/1"}],"replies":[{"embeddable":true,"href":"https:\/\/nowinbody.com\/en\/wp-json\/wp\/v2\/comments?post=1176"}],"version-history":[{"count":7,"href":"https:\/\/nowinbody.com\/en\/wp-json\/wp\/v2\/pages\/1176\/revisions"}],"predecessor-version":[{"id":1348,"href":"https:\/\/nowinbody.com\/en\/wp-json\/wp\/v2\/pages\/1176\/revisions\/1348"}],"up":[{"embeddable":true,"href":"https:\/\/nowinbody.com\/en\/wp-json\/wp\/v2\/pages\/657"}],"wp:attachment":[{"href":"https:\/\/nowinbody.com\/en\/wp-json\/wp\/v2\/media?parent=1176"}],"curies":[{"name":"wp","href":"https:\/\/api.w.org\/{rel}","templated":true}]}}