{"id":1180,"date":"2023-01-26T16:53:00","date_gmt":"2023-01-26T15:53:00","guid":{"rendered":"https:\/\/nowinbody.com\/?page_id=1180"},"modified":"2023-02-27T17:08:00","modified_gmt":"2023-02-27T16:08:00","slug":"druzinska-terapija","status":"publish","type":"page","link":"https:\/\/nowinbody.com\/en\/programi\/druzinska-terapija\/","title":{"rendered":"Family therapy"},"content":{"rendered":"<p><style><\/style><div class=\"vc_row wpb_row vc_row-fluid content-dark data-bg-color-69f107f991e1a row-z-index-69f107f991e1a\" ><style><\/style><div class=\"wpb_column vc_column_container content-dark vc_col-sm-6 column-z-index-69f107f991fac\"> \n        <div class=\"vc_column-inner\"> \n            <div class=\"wpb_wrapper\"><div  class=\"wpb_single_image wpb_content_element vc_align_center\">\n\t\t\n\t\t<figure class=\"wpb_wrapper vc_figure\">\n\t\t\t<div class=\"vc_single_image-wrapper   vc_box_border_grey\"><img loading=\"lazy\" decoding=\"async\" class=\"vc_single_image-img\" src=\"https:\/\/nowinbody.com\/wp-content\/uploads\/2023\/01\/43rffsdf-900x600.jpeg\" width=\"900\" height=\"600\" alt=\"Dru\u017einska-psihoterapija.png\" title=\"43rffsdf\" \/><\/div>\n\t\t<\/figure>\n\t<\/div>  \n            <\/div> \n        <\/div>\n    <\/div><style><\/style><div class=\"wpb_column vc_column_container content-dark vc_col-sm-6 column-z-index-69f107f9926c7\"> \n        <div class=\"vc_column-inner\"> \n            <div class=\"wpb_wrapper\"><style>#slcr_custom_heading_69f107f99292f{ font-size: 27px;text-align: left;  }<\/style><h3 id=\"slcr_custom_heading_69f107f99292f\" class=\"vc_custom_heading vc_custom_1674054761582 font-700\" >Where?<\/h3><style>#slcr_custom_heading_69f107f992a30{ text-align: left;  }<\/style><p id=\"slcr_custom_heading_69f107f992a30\" class=\"vc_custom_heading vc_custom_1674054961352 font-400\" >Nazorjeva ulica 1, Ljubljana  - Fran\u010di\u0161kanski dru\u017einski in\u0161titut<\/p><style>#slcr_custom_heading_69f107f992b00{ font-size: 27px;text-align: left;  }<\/style><h3 id=\"slcr_custom_heading_69f107f992b00\" class=\"vc_custom_heading vc_custom_1674054896912 font-700\" >Therapist<\/h3><style>#slcr_custom_heading_69f107f992bc0{ text-align: left;  }<\/style><p id=\"slcr_custom_heading_69f107f992bc0\" class=\"vc_custom_heading vc_custom_1674054905837 font-400\" >M.Sc. Viktorije Valenta, marriage and family therapist<\/p> \n            <\/div> \n        <\/div>\n    <\/div><\/div><style><\/style><div class=\"vc_row wpb_row vc_row-fluid content-dark data-bg-color-69f107f992cb2 row-z-index-69f107f992cb2\" ><style><\/style><div class=\"wpb_column vc_column_container content-dark vc_col-sm-12 column-z-index-69f107f992d88\"> \n        <div class=\"vc_column-inner\"> \n            <div class=\"wpb_wrapper\"><style>#slcr_custom_heading_69f107f992f20{ text-align: left;  }<\/style><p id=\"slcr_custom_heading_69f107f992f20\" class=\"vc_custom_heading vc_custom_1675274556641 font-400\" >Therapeutic help ment for families with interpersonal relations issues.<\/p><style>#slcr_custom_heading_69f107f993006{ font-size: 27px;text-align: left;  }<\/style><h3 id=\"slcr_custom_heading_69f107f993006\" class=\"vc_custom_heading vc_custom_1675274446359 font-700\" >ENROLMENT CONDITIONS:<\/h3><style>#slcr_custom_heading_69f107f9930e5{ text-align: left;  }<\/style><p id=\"slcr_custom_heading_69f107f9930e5\" class=\"vc_custom_heading vc_custom_1675274463429 font-400\" >- Voluntarily deciding for therapy and actively cooperating in it.<\/p><style>#slcr_custom_heading_69f107f9931a6{ text-align: left;  }<\/style><p id=\"slcr_custom_heading_69f107f9931a6\" class=\"vc_custom_heading vc_custom_1675274475339 font-400\" >- The ability to attend sessions regularly.<\/p><style>#slcr_custom_heading_69f107f993260{ text-align: left;  }<\/style><p id=\"slcr_custom_heading_69f107f993260\" class=\"vc_custom_heading vc_custom_1675274487733 font-400\" >- The cooperation of all family members is advised.<\/p><style>#btn_slcr_69f107f9933bc{ text-transform: uppercase;}  #btn_slcr_69f107f9933bc:hover{ }<\/style><div class=\"vc_btn3-container vc_btn3-inline\">\n                    <a href=\"https:\/\/nowinbody.com\/en\/kontakt\/\" title=\"Contact\" id=\"btn_slcr_69f107f9933bc\" class=\"btn    btn--lg font-900 btn--square  btn--primary\">\n                        <span>Sign up<\/span>\n                    <\/a>  <\/div> \n            <\/div> \n        <\/div>\n    <\/div><\/div>","protected":false},"excerpt":{"rendered":"Kje?Nazorjeva ulica 1, Ljubljana - Fran\u010di\u0161kanski dru\u017einski in\u0161titutVodenje skupinemag. Viktorije Valenta, zakonski in dru\u017einski terapevt Terapevtska pomo\u010d je namenjena dru\u017eini, ki se soo\u010da z razli\u010dnimi te\u017eavami v medosebnih odnosih.Pogoji vklju\u010ditve:- Prostovoljna odlo\u010ditev za terapijo in aktivno sodelovanje pri njej.- Sposobnost rednega udele\u017eevanja sre\u010danj.- Za\u017eeleno je, da se v terapijo vklju\u010dijo vsi dru\u017einski \u010dlani. Prijava na [...]","protected":false},"author":1,"featured_media":0,"parent":657,"menu_order":0,"comment_status":"closed","ping_status":"closed","template":"sidebar-right.php","meta":{"footnotes":""},"class_list":["post-1180","page","type-page","status-publish","hentry"],"acf":[],"_links":{"self":[{"href":"https:\/\/nowinbody.com\/en\/wp-json\/wp\/v2\/pages\/1180","targetHints":{"allow":["GET"]}}],"collection":[{"href":"https:\/\/nowinbody.com\/en\/wp-json\/wp\/v2\/pages"}],"about":[{"href":"https:\/\/nowinbody.com\/en\/wp-json\/wp\/v2\/types\/page"}],"author":[{"embeddable":true,"href":"https:\/\/nowinbody.com\/en\/wp-json\/wp\/v2\/users\/1"}],"replies":[{"embeddable":true,"href":"https:\/\/nowinbody.com\/en\/wp-json\/wp\/v2\/comments?post=1180"}],"version-history":[{"count":5,"href":"https:\/\/nowinbody.com\/en\/wp-json\/wp\/v2\/pages\/1180\/revisions"}],"predecessor-version":[{"id":1334,"href":"https:\/\/nowinbody.com\/en\/wp-json\/wp\/v2\/pages\/1180\/revisions\/1334"}],"up":[{"embeddable":true,"href":"https:\/\/nowinbody.com\/en\/wp-json\/wp\/v2\/pages\/657"}],"wp:attachment":[{"href":"https:\/\/nowinbody.com\/en\/wp-json\/wp\/v2\/media?parent=1180"}],"curies":[{"name":"wp","href":"https:\/\/api.w.org\/{rel}","templated":true}]}}