{"id":1182,"date":"2023-01-26T16:53:24","date_gmt":"2023-01-26T15:53:24","guid":{"rendered":"https:\/\/nowinbody.com\/?page_id=1182"},"modified":"2023-02-16T17:52:34","modified_gmt":"2023-02-16T16:52:34","slug":"partnerska-zakonska-terapija","status":"publish","type":"page","link":"https:\/\/nowinbody.com\/en\/programi\/partnerska-zakonska-terapija\/","title":{"rendered":"Relationship \/ martial therapy"},"content":{"rendered":"<style><\/style><div class=\"vc_row wpb_row vc_row-fluid content-dark data-bg-color-69f10736bb5f3 row-z-index-69f10736bb5f3\" ><style><\/style><div class=\"wpb_column vc_column_container content-dark vc_col-sm-6 column-z-index-69f10736bb867\"> \n        <div class=\"vc_column-inner\"> \n            <div class=\"wpb_wrapper\"><div  class=\"wpb_single_image wpb_content_element vc_align_center\">\n\t\t\n\t\t<figure class=\"wpb_wrapper vc_figure\">\n\t\t\t<div class=\"vc_single_image-wrapper   vc_box_border_grey\"><img loading=\"lazy\" decoding=\"async\" class=\"vc_single_image-img\" src=\"https:\/\/nowinbody.com\/wp-content\/uploads\/2023\/01\/sfddfasfsdfsfsadf-900x600.jpg\" width=\"900\" height=\"600\" alt=\"Partnerska-zakonska-psihoterapija.png\" title=\"sfddfasfsdfsfsadf\" \/><\/div>\n\t\t<\/figure>\n\t<\/div>  \n            <\/div> \n        <\/div>\n    <\/div><style><\/style><div class=\"wpb_column vc_column_container content-dark vc_col-sm-6 column-z-index-69f10736bc398\"> \n        <div class=\"vc_column-inner\"> \n            <div class=\"wpb_wrapper\"><style>#slcr_custom_heading_69f10736bc6a9{ font-size: 27px;text-align: left;  }<\/style><h3 id=\"slcr_custom_heading_69f10736bc6a9\" class=\"vc_custom_heading vc_custom_1674748642206 font-700\" >RELATIONSHIP\/MARITAL THERAPY<\/h3><style>#slcr_custom_heading_69f10736bc7aa{ text-align: left;  }<\/style><p id=\"slcr_custom_heading_69f10736bc7aa\" class=\"vc_custom_heading vc_custom_1674748653976 font-400\" >Therapeutic help ment for spouses or partners faceing different personal and interpersonal issues.<\/p><style>#slcr_custom_heading_69f10736bc8c3{ font-size: 27px;text-align: left;  }<\/style><h3 id=\"slcr_custom_heading_69f10736bc8c3\" class=\"vc_custom_heading vc_custom_1674748664646 font-700\" >ENROLMENT CONDITIONS:<\/h3><div class=\"wpb_text_column wpb_content_element\" >\n\t\t<div class=\"wpb_wrapper\">\n\t\t\t<p>- Voluntarily deciding for therapy and actively cooperating in it.<br \/>\n- The ability to attend sessions regularly.<br \/>\n- Cooperation of both partners.<\/p>\n\n\t\t<\/div>\n\t<\/div><style>#btn_slcr_69f10736bcc85{ text-transform: uppercase;}  #btn_slcr_69f10736bcc85:hover{ }<\/style><div class=\"vc_btn3-container vc_btn3-inline\">\n                    <a href=\"https:\/\/nowinbody.com\/en\/kontakt\/\" title=\"Contact\" id=\"btn_slcr_69f10736bcc85\" class=\"btn    btn--lg font-900 btn--square  btn--primary\">\n                        <span>Sign up<\/span>\n                    <\/a>  <\/div> \n            <\/div> \n        <\/div>\n    <\/div><\/div>","protected":false},"excerpt":{"rendered":"PARTNERSKA\/ZAKONSKA TERAPIJATerapevtska pomo\u010d je namenjena zakoncema oz. partnerjema, ki se soo\u010data z razli\u010dnimi osebnimi in medosebnimi te\u017eavami.POGOJI VKLJU\u010cITVE: - Prostovoljna odlo\u010ditev za terapijo in aktivno sodelovanje pri njej. - Sposobnost rednega udele\u017eevanja sre\u010danj. - Partnerska\/zakonska terapija predpostavlja udele\u017ebo obeh partnerjev Prijava na program","protected":false},"author":1,"featured_media":0,"parent":657,"menu_order":0,"comment_status":"closed","ping_status":"closed","template":"sidebar-right.php","meta":{"footnotes":""},"class_list":["post-1182","page","type-page","status-publish","hentry"],"acf":[],"_links":{"self":[{"href":"https:\/\/nowinbody.com\/en\/wp-json\/wp\/v2\/pages\/1182","targetHints":{"allow":["GET"]}}],"collection":[{"href":"https:\/\/nowinbody.com\/en\/wp-json\/wp\/v2\/pages"}],"about":[{"href":"https:\/\/nowinbody.com\/en\/wp-json\/wp\/v2\/types\/page"}],"author":[{"embeddable":true,"href":"https:\/\/nowinbody.com\/en\/wp-json\/wp\/v2\/users\/1"}],"replies":[{"embeddable":true,"href":"https:\/\/nowinbody.com\/en\/wp-json\/wp\/v2\/comments?post=1182"}],"version-history":[{"count":4,"href":"https:\/\/nowinbody.com\/en\/wp-json\/wp\/v2\/pages\/1182\/revisions"}],"predecessor-version":[{"id":1289,"href":"https:\/\/nowinbody.com\/en\/wp-json\/wp\/v2\/pages\/1182\/revisions\/1289"}],"up":[{"embeddable":true,"href":"https:\/\/nowinbody.com\/en\/wp-json\/wp\/v2\/pages\/657"}],"wp:attachment":[{"href":"https:\/\/nowinbody.com\/en\/wp-json\/wp\/v2\/media?parent=1182"}],"curies":[{"name":"wp","href":"https:\/\/api.w.org\/{rel}","templated":true}]}}