{"id":712,"date":"2020-11-25T06:11:27","date_gmt":"2020-11-25T06:11:27","guid":{"rendered":"http:\/\/www.slashcreative.co\/dmip\/psychare\/?page_id=712"},"modified":"2023-01-26T17:10:55","modified_gmt":"2023-01-26T16:10:55","slug":"cenik","status":"publish","type":"page","link":"https:\/\/nowinbody.com\/en\/cenik\/","title":{"rendered":"Price list"},"content":{"rendered":"<style><\/style><div data-vc-full-width=\"true\" data-vc-full-width-init=\"false\" class=\"vc_row wpb_row vc_row-fluid content-dark data-bg-color-69f11c9e5758f vc_custom_1674749364775 vc_row-has-fill row-z-index-69f11c9e5758f\" ><style><\/style><div class=\"wpb_column vc_column_container content-dark vc_col-sm-6 column-z-index-69f11c9e57a63\"> \n        <div class=\"vc_column-inner\"> \n            <div class=\"wpb_wrapper\"><style>#slcr_custom_heading_69f11c9e58111{ font-size: 33px;text-align: left;  }<\/style><h2 id=\"slcr_custom_heading_69f11c9e58111\" class=\"vc_custom_heading font-700\" >Price list<\/h2><div class=\"vc_empty_space\"   style=\"height: 10px\"><span class=\"vc_empty_space_inner\"><\/span><\/div><div class=\"wpb_text_column wpb_content_element  vc_custom_1674746082849\" >\n\t\t<div class=\"wpb_wrapper\">\n\t\t\t<p style=\"text-align: left;\"><strong>Individual treatment<\/strong>: 80\u20ac per hour,<\/p>\n<p style=\"text-align: left;\"><strong>Marital therapy<\/strong>: 90\u20ac per hour,<\/p>\n<p style=\"text-align: left;\"><strong>Family therapy<\/strong>: 100\u20ac per hour,<\/p>\n<p style=\"text-align: left;\"><strong>Men's group<\/strong>: 150\u20ac - 4 two-hour long sessions<\/p>\n<p style=\"text-align: left;\"><strong>Young athlete's support group<\/strong>: 150\u20ac 4 two-hour long sessions<\/p>\n\n\t\t<\/div>\n\t<\/div> \n            <\/div> \n        <\/div>\n    <\/div><style><\/style><div class=\"wpb_column vc_column_container content-dark vc_col-sm-6 column-z-index-69f11c9e58546\"> \n        <div class=\"vc_column-inner\"> \n            <div class=\"wpb_wrapper\"><style>#slcr_custom_heading_69f11c9e58712{ font-size: 33px;text-align: left;  }<\/style><h2 id=\"slcr_custom_heading_69f11c9e58712\" class=\"vc_custom_heading font-700\" >Duration of therapy sessions<\/h2><div class=\"wpb_text_column wpb_content_element  vc_custom_1674746212043\" >\n\t\t<div class=\"wpb_wrapper\">\n\t\t\t<p style=\"text-align: left;\">Sessions take palce once a week for three months. Each of the twelve sessions lasts 50 minutes. If necessary, the entire cycle of therapeutic sessions can be repeated.<\/p>\n\n\t\t<\/div>\n\t<\/div><style>#slcr_custom_heading_69f11c9e5888d{ font-size: 33px;text-align: left;  }<\/style><h2 id=\"slcr_custom_heading_69f11c9e5888d\" class=\"vc_custom_heading font-700\" >How to enrole?<\/h2><div class=\"wpb_text_column wpb_content_element  vc_custom_1674746320788\" >\n\t\t<div class=\"wpb_wrapper\">\n\t\t\t<p style=\"text-align: left;\">If you have any questions about our courses like how and when to enrol in to them, you can reach us via email at info@nowinbody.com or give us a call at +38640760331. If we are unable to answer the phone, we will call you back.<\/p>\n\n\t\t<\/div>\n\t<\/div> \n            <\/div> \n        <\/div>\n    <\/div><\/div>\n<div class=\"vc_row-full-width vc_clearfix\"><\/div>","protected":false},"excerpt":{"rendered":"Cenik terapij Individualna obravnava: 80\u20ac \/ uro, Zakonska terapija: 90\u20ac \/ uro, Dru\u017einska terapija: 100\u20ac \/ uro, Skupina za mo\u0161ke: 150\u20ac (4 sre\u010danja po 2 uri) Skupina za \u0161portnike: 150 \u20ac (4 sre\u010danja po 2 uri) Trajanje terapevtskih sre\u010danj Sre\u010danja potekajo enkrat tedensko po petdeset minut. Terapevtski proces poteka tri mesece in obsega dvanajst sre\u010danj. [...]","protected":false},"author":1,"featured_media":0,"parent":0,"menu_order":0,"comment_status":"closed","ping_status":"closed","template":"","meta":{"footnotes":""},"class_list":["post-712","page","type-page","status-publish","hentry"],"acf":[],"_links":{"self":[{"href":"https:\/\/nowinbody.com\/en\/wp-json\/wp\/v2\/pages\/712","targetHints":{"allow":["GET"]}}],"collection":[{"href":"https:\/\/nowinbody.com\/en\/wp-json\/wp\/v2\/pages"}],"about":[{"href":"https:\/\/nowinbody.com\/en\/wp-json\/wp\/v2\/types\/page"}],"author":[{"embeddable":true,"href":"https:\/\/nowinbody.com\/en\/wp-json\/wp\/v2\/users\/1"}],"replies":[{"embeddable":true,"href":"https:\/\/nowinbody.com\/en\/wp-json\/wp\/v2\/comments?post=712"}],"version-history":[{"count":12,"href":"https:\/\/nowinbody.com\/en\/wp-json\/wp\/v2\/pages\/712\/revisions"}],"predecessor-version":[{"id":1202,"href":"https:\/\/nowinbody.com\/en\/wp-json\/wp\/v2\/pages\/712\/revisions\/1202"}],"wp:attachment":[{"href":"https:\/\/nowinbody.com\/en\/wp-json\/wp\/v2\/media?parent=712"}],"curies":[{"name":"wp","href":"https:\/\/api.w.org\/{rel}","templated":true}]}}