{"id":771,"date":"2020-11-26T06:38:43","date_gmt":"2020-11-26T05:38:43","guid":{"rendered":"http:\/\/www.slashcreative.co\/dmip\/psychare\/?page_id=771"},"modified":"2023-02-28T18:55:35","modified_gmt":"2023-02-28T17:55:35","slug":"moska-skupina","status":"publish","type":"page","link":"https:\/\/nowinbody.com\/en\/programi\/moska-skupina\/","title":{"rendered":"Men's group"},"content":{"rendered":"<p><style><\/style><div class=\"vc_row wpb_row vc_row-fluid content-dark data-bg-color-69f1088736861 row-z-index-69f1088736861\" ><style><\/style><div class=\"wpb_column vc_column_container content-dark vc_col-sm-6 column-z-index-69f1088736a13\"> \n        <div class=\"vc_column-inner\"> \n            <div class=\"wpb_wrapper\"><div  class=\"wpb_single_image wpb_content_element vc_align_center\">\n\t\t\n\t\t<figure class=\"wpb_wrapper vc_figure\">\n\t\t\t<div class=\"vc_single_image-wrapper   vc_box_border_grey\"><img loading=\"lazy\" decoding=\"async\" class=\"vc_single_image-img\" src=\"https:\/\/nowinbody.com\/wp-content\/uploads\/2023\/01\/image-ef1a7085-490f-49df-bb93-2aff1dc5a288.jpg\" width=\"900\" height=\"600\" alt=\"Skupina-za-mo\u0161ke.png\" title=\"image-ef1a7085-490f-49df-bb93-2aff1dc5a288\" \/><\/div>\n\t\t<\/figure>\n\t<\/div>  \n            <\/div> \n        <\/div>\n    <\/div><style><\/style><div class=\"wpb_column vc_column_container content-dark vc_col-sm-6 column-z-index-69f1088737110\"> \n        <div class=\"vc_column-inner\"> \n            <div class=\"wpb_wrapper\"><style>#slcr_custom_heading_69f1088737376{ font-size: 27px;text-align: left;  }<\/style><h3 id=\"slcr_custom_heading_69f1088737376\" class=\"vc_custom_heading vc_custom_1674054761582 font-700\" >Where?<\/h3><style>#slcr_custom_heading_69f1088737476{ text-align: left;  }<\/style><p id=\"slcr_custom_heading_69f1088737476\" class=\"vc_custom_heading vc_custom_1674054961352 font-400\" >Nazorjeva ulica 1, Ljubljana  - Fran\u010di\u0161kanski dru\u017einski in\u0161titut<\/p><style>#slcr_custom_heading_69f1088737546{ font-size: 27px;text-align: left;  }<\/style><h3 id=\"slcr_custom_heading_69f1088737546\" class=\"vc_custom_heading vc_custom_1674054843104 font-700\" >When?<\/h3><style>#slcr_custom_heading_69f1088737606{ text-align: left;  }<\/style><p id=\"slcr_custom_heading_69f1088737606\" class=\"vc_custom_heading vc_custom_1677606920948 font-400\" >Every Monday at 18:00<\/p><style>#slcr_custom_heading_69f10887376c4{ font-size: 27px;text-align: left;  }<\/style><h3 id=\"slcr_custom_heading_69f10887376c4\" class=\"vc_custom_heading vc_custom_1674054896912 font-700\" >Therapist<\/h3><style>#slcr_custom_heading_69f108873779f{ text-align: left;  }<\/style><p id=\"slcr_custom_heading_69f108873779f\" class=\"vc_custom_heading vc_custom_1674054905837 font-400\" >M.Sc. Viktorije Valenta, marriage and family therapist<\/p> \n            <\/div> \n        <\/div>\n    <\/div><\/div><style><\/style><div class=\"vc_row wpb_row vc_row-fluid content-dark data-bg-color-69f108873787c row-z-index-69f108873787c\" ><style><\/style><div class=\"wpb_column vc_column_container content-dark vc_col-sm-12 column-z-index-69f108873794d\"> \n        <div class=\"vc_column-inner\"> \n            <div class=\"wpb_wrapper\"><style>#slcr_custom_heading_69f1088737ad8{ font-size: 27px;text-align: left;  }<\/style><h3 id=\"slcr_custom_heading_69f1088737ad8\" class=\"vc_custom_heading vc_custom_1674054990992 font-700\" >Why enter one of our Men's Groups?<\/h3><style>#slcr_custom_heading_69f1088737bd1{ text-align: left;  }<\/style><p id=\"slcr_custom_heading_69f1088737bd1\" class=\"vc_custom_heading vc_custom_1674055068965 font-400\" >- It is a place where you can come to share your feelings and emotions. A place where you are heard not judged.<\/p><style>#slcr_custom_heading_69f1088737c98{ text-align: left;  }<\/style><p id=\"slcr_custom_heading_69f1088737c98\" class=\"vc_custom_heading vc_custom_1674055062701 font-400\" >- Maybe sometimes you feel the need to talk about how you live your life as a man and a husband.<\/p><style>#slcr_custom_heading_69f1088737d54{ text-align: left;  }<\/style><p id=\"slcr_custom_heading_69f1088737d54\" class=\"vc_custom_heading vc_custom_1674055088123 font-400\" >- Just by being present and listening to experiances of other men you help yourself and others to grow.<\/p><style>#slcr_custom_heading_69f1088737e0c{ text-align: left;  }<\/style><p id=\"slcr_custom_heading_69f1088737e0c\" class=\"vc_custom_heading vc_custom_1677514216624 font-400\" >- Ali pa si morda samo \u017eelite deliti dru\u017ebo mo\u0161kih in poklepetati.<\/p><style>#slcr_custom_heading_69f1088737ec3{ text-align: left;  }<\/style><p id=\"slcr_custom_heading_69f1088737ec3\" class=\"vc_custom_heading vc_custom_1674055155933 font-400\" >- Men's Groups are not only a safe space to express yourself but also a place where you dare yourself and others to be better and keep moving forward in your life.<\/p><style>#btn_slcr_69f1088738049{ text-transform: uppercase;}  #btn_slcr_69f1088738049:hover{ }<\/style><div class=\"vc_btn3-container vc_btn3-inline\">\n                    <a href=\"https:\/\/nowinbody.com\/en\/kontakt\/\" title=\"Contact\" id=\"btn_slcr_69f1088738049\" class=\"btn    btn--lg font-900 btn--square  btn--primary\">\n                        <span>Sign up<\/span>\n                    <\/a>  <\/div> \n            <\/div> \n        <\/div>\n    <\/div><\/div>","protected":false},"excerpt":{"rendered":"Kje?Nazorjeva ulica 1, Ljubljana - Fran\u010di\u0161kanski dru\u017einski in\u0161titutKdaj?Vsaki ponedeljek ob 18-ihVodenje skupinemag. Viktorije Valenta, zakonski in dru\u017einski terapevt Zakaj bi pri\u0161li v eno od na\u0161ih MO\u0160KIH SKUPIN?- To je kraj, kamor lahko pridete in delite ob\u010dutke, kaj se vam dogaja, kjer vas lahko sli\u0161ijo in ne obsojajo.- V\u010dasih \u010dutite potrebo, da se morate samo pogovarjati [...]","protected":false},"author":1,"featured_media":0,"parent":657,"menu_order":0,"comment_status":"closed","ping_status":"closed","template":"sidebar-right.php","meta":{"footnotes":""},"class_list":["post-771","page","type-page","status-publish","hentry"],"acf":[],"_links":{"self":[{"href":"https:\/\/nowinbody.com\/en\/wp-json\/wp\/v2\/pages\/771","targetHints":{"allow":["GET"]}}],"collection":[{"href":"https:\/\/nowinbody.com\/en\/wp-json\/wp\/v2\/pages"}],"about":[{"href":"https:\/\/nowinbody.com\/en\/wp-json\/wp\/v2\/types\/page"}],"author":[{"embeddable":true,"href":"https:\/\/nowinbody.com\/en\/wp-json\/wp\/v2\/users\/1"}],"replies":[{"embeddable":true,"href":"https:\/\/nowinbody.com\/en\/wp-json\/wp\/v2\/comments?post=771"}],"version-history":[{"count":10,"href":"https:\/\/nowinbody.com\/en\/wp-json\/wp\/v2\/pages\/771\/revisions"}],"predecessor-version":[{"id":1347,"href":"https:\/\/nowinbody.com\/en\/wp-json\/wp\/v2\/pages\/771\/revisions\/1347"}],"up":[{"embeddable":true,"href":"https:\/\/nowinbody.com\/en\/wp-json\/wp\/v2\/pages\/657"}],"wp:attachment":[{"href":"https:\/\/nowinbody.com\/en\/wp-json\/wp\/v2\/media?parent=771"}],"curies":[{"name":"wp","href":"https:\/\/api.w.org\/{rel}","templated":true}]}}